{"id":13083,"date":"2023-08-17T14:16:08","date_gmt":"2023-08-17T14:16:08","guid":{"rendered":"https:\/\/atcmainsite.wpenginepowered.com\/?page_id=13083"},"modified":"2026-01-15T13:06:57","modified_gmt":"2026-01-15T13:06:57","slug":"namibia-2","status":"publish","type":"page","link":"https:\/\/africantravelconcept.com\/de\/namibia\/","title":{"rendered":"Namibia"},"content":{"rendered":"<div class=\"wpb-content-wrapper\"><div class=\"vc_row wpb_row vc_row-fluid\"><div class=\"wpb_column vc_column_container vc_col-sm-12\"><div class=\"vc_column-inner\"><div class=\"wpb_wrapper\">\n\t<div class=\"wpb_text_column wpb_content_element  vc_custom_1699958715661\">\n\t\t<div class=\"wpb_wrapper\">\n\t\t\t<h2 style=\"color: #9e1820; text-align: center;\">Schnell\u00fcbersicht Namibia<\/h2>\n\n\t\t<\/div>\n\t<\/div>\n<div class=\"vc_tta-container\" data-vc-action=\"collapse\"><div class=\"vc_general vc_tta vc_tta-tabs vc_tta-color-grey vc_tta-style-flat vc_tta-shape-rounded vc_tta-spacing-1 vc_tta-tabs-position-top vc_tta-controls-align-center\"><div class=\"vc_tta-tabs-container\"><ul class=\"vc_tta-tabs-list\"><li class=\"vc_tta-tab vc_active\" data-vc-tab><a href=\"#more-about-namibia\" data-vc-tabs data-vc-container=\".vc_tta\"><span class=\"vc_tta-title-text\">Mehr \u00fcber Namibia<\/span><\/a><\/li><li class=\"vc_tta-tab\" data-vc-tab><a href=\"#must-know-travel-facts\" data-vc-tabs data-vc-container=\".vc_tta\"><span class=\"vc_tta-title-text\">Wissenswertes zum Thema Reisen<\/span><\/a><\/li><li class=\"vc_tta-tab\" data-vc-tab><a href=\"#best-namibia-tours\" data-vc-tabs data-vc-container=\".vc_tta\"><span class=\"vc_tta-title-text\">Die besten Namibia Touren<\/span><\/a><\/li><\/ul><\/div><div class=\"vc_tta-panels-container\"><div class=\"vc_tta-panels\"><div class=\"vc_tta-panel vc_active\" id=\"more-about-namibia\" data-vc-content=\".vc_tta-panel-body\"><div class=\"vc_tta-panel-heading\"><h4 class=\"vc_tta-panel-title\"><a href=\"#more-about-namibia\" data-vc-accordion data-vc-container=\".vc_tta-container\"><span class=\"vc_tta-title-text\">Mehr \u00fcber Namibia<\/span><\/a><\/h4><\/div><div class=\"vc_tta-panel-body\">\n\t<div class=\"wpb_text_column wpb_content_element\">\n\t\t<div class=\"wpb_wrapper\">\n\t\t\t<p><img loading=\"lazy\" decoding=\"async\" class=\"size-full wp-image-16180 alignleft\" src=\"https:\/\/africantravelconcept.com\/wp-content\/uploads\/2024\/10\/Namibia.png\" alt=\"\" width=\"500\" height=\"479\" title=\"\" srcset=\"https:\/\/africantravelconcept.com\/wp-content\/uploads\/2024\/10\/Namibia.png 500w, https:\/\/africantravelconcept.com\/wp-content\/uploads\/2024\/10\/Namibia-300x287.png 300w, https:\/\/africantravelconcept.com\/wp-content\/uploads\/2024\/10\/Namibia-13x12.png 13w\" sizes=\"auto, (max-width: 500px) 100vw, 500px\" \/>Namibia ist ein bezaubernder afrikanischer W\u00fcstenstaat, der jedes Jahr Tausende von abenteuerlustigen Reisenden anlockt. Namibia ist ein Ort der Einsamkeit, des Friedens und der Sch\u00f6nheit. Es ist eines jener Reiseziele, die so bezaubernd sind, dass man gar nicht mehr weg will.<\/p>\n<p>Namibia ist ein Land der anderen Art und die meisten Reisenden sind sich einig, dass die von der Natur gepr\u00e4gten Landschaften und die v\u00f6llige Abgeschiedenheit des Landes den perfekten Ort darstellen, um sich selbst zu verlieren und die Welt zu vergessen, wenn auch nur f\u00fcr eine kurze Zeit.<\/p>\n<p>Es ist nicht nur die faszinierende Sch\u00f6nheit Namibias, die es zu einem der besten Orte f\u00fcr einen Urlaub macht. Namibia ist auch die Heimat einiger unglaublicher Menschen und Kulturen, die nur darauf warten, Sie zu begr\u00fc\u00dfen und einzuladen. Die Geschichte des Landes hat es in hohem Ma\u00dfe zu dem gemacht, was es heute ist und es gibt viele M\u00f6glichkeiten, mehr \u00fcber die Vergangenheit des Landes zu erfahren. Ob Sie nun Museen besuchen, in denen Szenen und Gegenst\u00e4nde aus vergangenen Epochen ausgestellt sind, oder sich die Zeit nehmen, ein oder zwei der \u00f6rtlichen D\u00f6rfer zu besuchen und sich unter die Menschen zu mischen - Sie k\u00f6nnen alles M\u00f6gliche \u00fcber Namibia erfahren, was Sie vielleicht nicht in einem Buch finden k\u00f6nnen.<\/p>\n<p>Obwohl Namibia vor allem als W\u00fcstenstaat bekannt ist, hat es so viel mehr zu bieten, als man auf den ersten Blick sieht. Ein Gro\u00dfteil des Landes ist vom goldenen Sand der Namib-W\u00fcste bedeckt, aber im Nordosten \u00e4ndert sich die Landschaft dramatisch und wird zur perfekten Kulisse f\u00fcr eine afrikanische Safari. <strong><em>Namibia-Safaris<\/em><\/strong> sind etwas anders als im benachbarten Botswana, das weltber\u00fchmt daf\u00fcr ist, einer der besten Orte zu sein, an denen man eine Safari unternehmen kann. Die meisten Wildtiere Namibias haben sich an die rauen Bedingungen angepasst und das macht die Tiere hier sowohl einzigartig als auch resistent gegen\u00fcber den Bedingungen der Landschaft.<\/p>\n<p>Eine der besten und beliebtesten <a href=\"https:\/\/africantravelconcept.com\/de\/touren-und-safaris\/beautiful-contrasts-northern-namibia\/\">M\u00f6glichkeiten, Namibia zu erkunden<\/a> ist mit einer gef\u00fchrten Tour, obwohl es auch m\u00f6glich ist, auf eigene Faust zu reisen. Solo <strong><em>Namibia-Touren<\/em><\/strong> sind etwas f\u00fcr Wagemutige, denn die Ziele sind so weit entfernt und abgelegen, dass sich nur erfahrene Alleinreisende f\u00fcr solche Reisen anmelden. Aber mit all den gef\u00fchrten Touren m\u00fcssen Sie sich nicht wirklich Sorgen machen, wenn Sie eine Solo-Reise machen, denn es stehen einfach so viele andere gro\u00dfartige M\u00f6glichkeiten zur Auswahl.<\/p>\n\n\t\t<\/div>\n\t<\/div>\n<\/div><\/div><div class=\"vc_tta-panel\" id=\"must-know-travel-facts\" data-vc-content=\".vc_tta-panel-body\"><div class=\"vc_tta-panel-heading\"><h4 class=\"vc_tta-panel-title\"><a href=\"#must-know-travel-facts\" data-vc-accordion data-vc-container=\".vc_tta-container\"><span class=\"vc_tta-title-text\">Wissenswertes zum Thema Reisen<\/span><\/a><\/h4><\/div><div class=\"vc_tta-panel-body\">\n\t<div class=\"wpb_text_column wpb_content_element\">\n\t\t<div class=\"wpb_wrapper\">\n\t\t\t<ul>\n<li><strong>Gr\u00f6\u00dfe der Bev\u00f6lkerung <\/strong>- Im Jahr 2021 lebten in Namibia 2,53 Millionen Menschen.<\/li>\n<li><strong>Offizielle Sprachen <\/strong>- Englisch ist die einzige Amtssprache in Namibia, wird aber nur von 3 % der Bev\u00f6lkerung gesprochen. Oshiwambo ist die am weitesten verbreitete Sprache des Landes und Afrikaans ist die am meisten verstandene Sprache des Landes. Ein Teil der Bev\u00f6lkerung spricht auch Deutsch.<\/li>\n<li><strong>Gr\u00f6\u00dfe des Landes <\/strong>- 824 292 Quadratkilometer. Damit ist Namibia etwa 1,5 Mal so gro\u00df wie Frankreich. In Anbetracht der Bev\u00f6lkerungszahl und der riesigen Landfl\u00e4che ist Namibia bekanntlich das am zweitwenigsten dicht besiedelte Land der Welt.<\/li>\n<li><strong>Politik<\/strong> - Namibia ist eine Demokratie, aber es gibt eine dominierende Partei, die South-West Africa People's Organisation.<\/li>\n<li><strong>W\u00e4hrung <\/strong>- Namibia-Dollar<\/li>\n<\/ul>\n<h3><strong>Wann ist die beste Zeit f\u00fcr einen Besuch in Namibia?<\/strong><\/h3>\n<p>Es ist nicht \u00fcbertrieben zu sagen, dass Namibia das ganze Jahr \u00fcber ein idealer Ort f\u00fcr einen Besuch ist, aber der allgemeine Konsens unter Reisenden und Reiseb\u00fcros ist, dass der Winter wegen der gro\u00dfen Sommerhitze die beste Reisezeit ist. Im Winter lassen sich auch einige der besten Wildtierbeobachtungen machen, da sich die Tiere in der Regel gut versteckt halten, wenn die Hitze zu gro\u00df wird.<\/p>\n<p><strong><em>Juni bis August<\/em><\/strong> ist im Allgemeinen die beste Zeit f\u00fcr einen <strong>Namibia Urlaub<\/strong>. Besonders, wenn Sie eine zauberhafte Safari im Etosha-Nationalpark erleben m\u00f6chten. Die Wintermonate in Namibia sind auch viel trockener als die Sommermonate, sodass Sie in der N\u00e4he von Wasserl\u00f6chern und Fl\u00fcssen viele Wildtiere sehen k\u00f6nnen.<\/p>\n<p>Wenn Sie beabsichtigen, das Land im Winter zu besuchen, sollten Sie daran denken, dass dies auch f\u00fcr alle anderen gilt. Der Winter zieht viele Touristen an, gerade weil es eine gute Reisezeit ist. Wenn Sie die Wintersaison meiden m\u00f6chten und sich der Hitze gewachsen f\u00fchlen, k\u00f6nnen Sie auch im Sommer reisen. Die namibischen Sommer sind herrlich und die perfekte Ausrede, um sich am Pool zu entspannen, etwas K\u00fchles und Leckeres zu trinken und, wenn Sie wirklich mutig sind und sich in Swakopmund befinden, ein Bad im Atlantik zu nehmen.<\/p>\n<h3><strong>Top-Attraktionen und Aktivit\u00e4ten <\/strong><\/h3>\n<p>Diejenigen, die Namibia als ihr <em>Afrikanisches Urlaubsziel<\/em> w\u00e4hlen werden feststellen, dass es viel zu entdecken, viel zu sehen und viel zu genie\u00dfen gibt. Namibia beherbergt eine Vielzahl von Attraktionen, die von urbanen Sehensw\u00fcrdigkeiten in den St\u00e4dten bis hin zu wilden Attraktionen und den sch\u00f6nsten Landschaften reichen. Wenn Sie Ihre Reiseroute planen und sicherstellen m\u00f6chten, dass Sie nichts verpassen, finden Sie hier einige Sehensw\u00fcrdigkeiten und Aktivit\u00e4ten, die Sie in Ihre Liste aufnehmen sollten.<\/p>\n<ol>\n<li><strong>Ausflug nach Walvis Bay <\/strong><\/li>\n<\/ol>\n<p>M\u00f6chten Sie Schw\u00e4rme von rosa Flamingos sehen, die im fr\u00fchen Morgenlicht im seichten Wasser herumt\u00e4nzeln? Walvis Bay ist der Ort, an dem Sie sein m\u00fcssen. Walvis Bay hat alles, was Sie sich von Namibia erhoffen: D\u00fcnen, Sonnenschein, eine interessante Tierwelt und die perfekte Landschaft f\u00fcr ein kleines 4\u00d74-Abenteuer.<\/p>\n<ol start=\"2\">\n<li><strong>Besuchen Sie Damaraland <\/strong><\/li>\n<\/ol>\n<p>Ein Besuch im malerischen Damaraland ist ein Muss, wenn Sie die Einsamkeit und die absolute Sch\u00f6nheit Namibias erleben m\u00f6chten. Das Damaraland ist die Heimat der ber\u00fchmten W\u00fcstenelefanten des Landes und bei einem Besuch hier k\u00f6nnen Sie auch Nash\u00f6rner, L\u00f6wen, Springb\u00f6cke, Oryxantilopen und alle Arten von V\u00f6geln beobachten. Die zerkl\u00fcftete, von Felsformationen durchsetzte Landschaft ist ein Spielplatz f\u00fcr Fotografen.<\/p>\n<ol start=\"3\">\n<li><strong>Besuchen Sie den Namib-Naukluft-Park <\/strong><\/li>\n<\/ol>\n<p>Der Namib-Nauluft-Park mit seinen Bergen, die sich von dem ansonsten flachen und trockenen Grasland abheben, ist von eindringlicher Sch\u00f6nheit und beherbergt mit dem Sossusvlei einen der ber\u00fchmtesten Orte des Landes. Der Namib-Nauluft-Park ist weit weg vom Rest der Welt und damit der perfekte R\u00fcckzugsort f\u00fcr alle, die ihrem hektischen Leben f\u00fcr eine Weile entfliehen m\u00f6chten.<\/p>\n<ol start=\"4\">\n<li><strong>Ausflug nach Caprivi <\/strong><\/li>\n<\/ol>\n<p>Caprivi liegt in der N\u00e4he von Botswana und hat viel von dessen Charakter, einschlie\u00dflich des Wetters und der Landschaft, gemeinsam. Caprivi liegt in einer \u00dcberschwemmungsebene und zieht alle Arten von Tieren an, die auf der Suche nach Nahrung und Wasser von einem Land zum n\u00e4chsten ziehen. Dies ist der ideale Ort f\u00fcr eine Safarireise.<\/p>\n<ol start=\"5\">\n<li><strong>Fahren Sie nach Windhoek <\/strong><\/li>\n<\/ol>\n<p>W\u00e4hrend sich im Rest des Landes alles um die nat\u00fcrlichen Attraktionen dreht, ist Windhoek die urbane Stadt, die darauf wartet, erkundet zu werden. Windhoek ist der perfekte Ort, um etwas mehr von der Kultur des Landes kennenzulernen und es ist auch der beste Ort, um lokale Speisen zu probieren und in lokalen Gesch\u00e4ften einzukaufen.<\/p>\n\n\t\t<\/div>\n\t<\/div>\n<\/div><\/div><div class=\"vc_tta-panel\" id=\"best-namibia-tours\" data-vc-content=\".vc_tta-panel-body\"><div class=\"vc_tta-panel-heading\"><h4 class=\"vc_tta-panel-title\"><a href=\"#best-namibia-tours\" data-vc-accordion data-vc-container=\".vc_tta-container\"><span class=\"vc_tta-title-text\">Die besten Namibia Touren<\/span><\/a><\/h4><\/div><div class=\"vc_tta-panel-body\">\n\t<div class=\"wpb_text_column wpb_content_element\">\n\t\t<div class=\"wpb_wrapper\">\n\t\t\t<p><strong><em>Namibia-Touren<\/em><\/strong> decken alle m\u00f6glichen Urlaubsw\u00fcnsche ab. Die meisten Touren sind eine wunderbare Kombination von Orten und Erlebnissen, was bedeutet, dass Sie alles gesehen haben, wenn Sie das Land verlassen. Wenn Sie Ihre Reise planen, sollten Sie sich einige Reisepakete ansehen.<\/p>\n<ol>\n<li><strong>8 Tage Etosha, Sossusvlei mit einem Abstecher nach Swakopmund <\/strong><\/li>\n<\/ol>\n<p>Auf dieser spannenden Tour sehen Sie alle Top-Safari-Spots in Namibia und verbringen auch etwas Zeit in der K\u00fcstenstadt Swakopmund. Sie beginnt und endet in Windhoek und in nur 8 Tagen k\u00f6nnen Sie die beste Seite dieser epischen afrikanischen Nation sehen.<\/p>\n<ol start=\"2\">\n<li><strong>7 Tage S\u00fcdliche Kalahari und Namib W\u00fcste Explorer<\/strong><\/li>\n<\/ol>\n<p>Die W\u00fcste ist ein interessanter Ort, den es zu erkunden gilt, vor allem, wenn man sie noch nie zuvor besucht hat. Die wogenden D\u00fcnen erstrecken sich, soweit das Auge reicht und neben den atemberaubenden Landschaften ist die W\u00fcste auch die Heimat einer Vielzahl von Insekten und Tieren, die sich an das Leben in einer der h\u00e4rtesten Umgebungen der Welt angepasst haben. Diese 7-t\u00e4gige Tour f\u00fchrt Sie durch die beiden W\u00fcsten und beinhaltet Aufenthalte an den sch\u00f6nsten Orten.<\/p>\n<ol start=\"3\">\n<li><strong>Sch\u00f6ne Kontraste - N\u00f6rdliches Namibia - Gef\u00fchrte Komforttour <\/strong><\/li>\n<\/ol>\n<p>Diese 7 Tage und 6 N\u00e4chte dauernde Tour f\u00fchrt Sie in die sch\u00f6nsten Gegenden Namibias, wie Etosha, Swakopmund und alle Orte dazwischen.<\/p>\n<ol start=\"4\">\n<li><strong>Kaokoland Gef\u00fchrte Tour <\/strong><\/li>\n<\/ol>\n<p>Von Sightseeing in Windhoek bis hin zu Aufenthalten in Sossusvlei, Swakopmund, Twyfelfontein, den Epupa-Wasserf\u00e4llen und Etosha - diese <em>Namibia Tour<\/em> ist ideal f\u00fcr diejenigen, die einen echten, umfassenden Eindruck von Namibia gewinnen wollen.<\/p>\n<ol start=\"5\">\n<li><strong>Vielf\u00e4ltige Landschaften <\/strong><\/li>\n<\/ol>\n<p>Auf dieser unglaublichen 24-t\u00e4gigen Rundreise durch Namibia sehen Sie buchst\u00e4blich jeden Winkel des Landes. Die vielf\u00e4ltigen Landschaften Tour ist ganz einfach eines der umfassendsten Abenteuer. Wenn Sie also die Zeit haben, ist es wahrscheinlich der einzige <em>Namibia Urlaub<\/em> den Sie jemals brauchen.<\/p>\n<h3><strong>Planung Ihrer Namibia-Tour <\/strong><\/h3>\n<p>Ein Namibia-Urlaub ist leicht zu planen, wenn Sie Ihre Reise bei einem Reiseb\u00fcro buchen. Sie m\u00fcssen zwar das N\u00f6tigste einpacken, z. B. die richtige k\u00fchle und bequeme Kleidung, alle Ihre Reiseunterlagen, Ihre Flugtickets und Ihre Kamera, aber wenn Sie eine Namibia-Rundreise mit dem richtigen Reiseb\u00fcro buchen, wird alles andere, von der Unterkunft bis zur Reiseroute und dem Transport, f\u00fcr Sie erledigt.<\/p>\n<p class=\"translation-block\">Sind Sie bereit, das abgelegenste und sch\u00f6nste Reiseziel Afrikas zu entdecken?  <a href=\"https:\/\/www.namibia-safaris.com\/contact-us\" target=\"_blank\" rel=\"noopener\">Kontaktieren Sie ATC noch heute<\/a>, um Ihren Namibia-Urlaub zu planen und zu buchen. Sie k\u00f6nnen auch ganz einfach \u00fcber unser <a href=\"https:\/\/www.namibia-safaris.com\" target=\"_blank\" rel=\"noopener\">Website<\/a> eine Anfrage stellen.<\/p>\n\n\t\t<\/div>\n\t<\/div>\n<\/div><\/div><\/div><\/div><\/div><\/div><div class=\"vc_empty_space\"   style=\"height: 50px\"><span class=\"vc_empty_space_inner\"><\/span><\/div><div class=\"title title--center\">\n\t\t<h3 class=\"title__primary\">Namibia auf einen Blick<\/h3>\n<\/div>\n\n\t<div class=\"wpb_video_widget wpb_content_element vc_clearfix   vc_video-aspect-ratio-169 vc_video-el-width-100 vc_video-align-center\">\n\t\t<div class=\"wpb_wrapper\">\n\t\t\t\n\t\t\t<div class=\"wpb_video_wrapper\"><iframe loading=\"lazy\" title=\"Afrikanisches Reisekonzept | Namibia\" width=\"500\" height=\"281\" src=\"https:\/\/www.youtube.com\/embed\/1hw9C1OOy1w?feature=oembed\" frameborder=\"0\" allow=\"accelerometer; autoplay; clipboard-write; encrypted-media; gyroscope; picture-in-picture; web-share\" referrerpolicy=\"strict-origin-when-cross-origin\" allowfullscreen><\/iframe><\/div>\n\t\t<\/div>\n\t<\/div>\n<div class=\"vc_empty_space\"   style=\"height: 50px\"><span class=\"vc_empty_space_inner\"><\/span><\/div><div class=\"vc_btn3-container vc_btn3-center\"><a class=\"vc_general vc_btn3 vc_btn3-size-md vc_btn3-shape-rounded vc_btn3-style-modern vc_btn3-block vc_btn3-color-juicy-pink\" href=\"https:\/\/www.namibia-safaris.com\/\" title=\"\" target=\"_blank\" rel=\"noopener\">Besuchen Sie jetzt unsere Namibia Touren &amp; Safaris<\/a><\/div><\/div><\/div><\/div><\/div>\n<\/div>","protected":false},"excerpt":{"rendered":"Ein kurzer Leitfaden f\u00fcr Namibia Mehr \u00fcber NamibiaWissenswerte ReisefaktenDie besten Namibia-TourenMehr \u00fcber Namibia Es ist der bezaubernde afrikanische W\u00fcstenstaat, der jedes Jahr Tausende von abenteuerlustigen Reisenden anlockt. Als Ort der Einsamkeit, des Friedens und der Sch\u00f6nheit ist Namibia eines jener Reiseziele, die so bezaubernd sind, dass Sie gar nicht mehr aufh\u00f6ren wollen.<div class=\"padding-top text-center\"><a href=\"https:\/\/africantravelconcept.com\/de\/namibia\/\" class=\"atbtn atbtn--medium atbtn--rounded atbtn--transparent\">Mehr lesen<i class=\"atbtn__icon atbtn__icon--right fa fa-long-arrow-right\"><\/i><\/a><\/div>","protected":false},"author":9,"featured_media":0,"parent":0,"menu_order":0,"comment_status":"closed","ping_status":"closed","template":"","meta":{"_monsterinsights_skip_tracking":false,"_monsterinsights_sitenote_active":false,"_monsterinsights_sitenote_note":"","_monsterinsights_sitenote_category":0,"footnotes":""},"class_list":["post-13083","page","type-page","status-publish","hentry"],"_links":{"self":[{"href":"https:\/\/africantravelconcept.com\/de\/wp-json\/wp\/v2\/pages\/13083","targetHints":{"allow":["GET"]}}],"collection":[{"href":"https:\/\/africantravelconcept.com\/de\/wp-json\/wp\/v2\/pages"}],"about":[{"href":"https:\/\/africantravelconcept.com\/de\/wp-json\/wp\/v2\/types\/page"}],"author":[{"embeddable":true,"href":"https:\/\/africantravelconcept.com\/de\/wp-json\/wp\/v2\/users\/9"}],"replies":[{"embeddable":true,"href":"https:\/\/africantravelconcept.com\/de\/wp-json\/wp\/v2\/comments?post=13083"}],"version-history":[{"count":0,"href":"https:\/\/africantravelconcept.com\/de\/wp-json\/wp\/v2\/pages\/13083\/revisions"}],"wp:attachment":[{"href":"https:\/\/africantravelconcept.com\/de\/wp-json\/wp\/v2\/media?parent=13083"}],"curies":[{"name":"wp","href":"https:\/\/api.w.org\/{rel}","templated":true}]}}