{"id":13190,"date":"2023-08-29T06:27:29","date_gmt":"2023-08-29T06:27:29","guid":{"rendered":"https:\/\/atcmainsite.wpenginepowered.com\/?page_id=13190"},"modified":"2026-04-17T10:26:37","modified_gmt":"2026-04-17T10:26:37","slug":"alle-reiseziele","status":"publish","type":"page","link":"https:\/\/africantravelconcept.com\/de\/all-destinations\/","title":{"rendered":"Alle Reiseziele"},"content":{"rendered":"<div class=\"wpb-content-wrapper\"><div class=\"vc_row wpb_row vc_row-fluid\"><div class=\"wpb_column vc_column_container vc_col-sm-12\"><div class=\"vc_column-inner\"><div class=\"wpb_wrapper\">\n\t<div class=\"wpb_text_column wpb_content_element\">\n\t\t<div class=\"wpb_wrapper\">\n\t\t\t<h2 style=\"text-align: left;\"><b>Entdecken Sie Afrika mit African Travel Concept<\/b><\/h2>\n\n\t\t<\/div>\n\t<\/div>\n<div class=\"vc_empty_space\"   style=\"height: 32px\"><span class=\"vc_empty_space_inner\"><\/span><\/div><\/div><\/div><\/div><\/div><div class=\"vc_row wpb_row vc_row-fluid\"><div class=\"wpb_column vc_column_container vc_col-sm-12\"><div class=\"vc_column-inner\"><div class=\"wpb_wrapper\">\n\t<div class=\"wpb_text_column wpb_content_element\">\n\t\t<div class=\"wpb_wrapper\">\n\t\t\t<p class=\"translation-block\">Afrika ist eine vielf\u00e4ltige und uralte Landschaft, die f\u00fcr jeden etwas zu bieten hat. Mit seinen weiten Grassavannen, in denen L\u00f6wen auf Beutejagd gehen, seinen tropischen Str\u00e4nden an der Ostk\u00fcste und seiner faszinierenden Vielfalt an Menschen und Kulturen. W\u00e4hrend Ihrer <b>Afrika-Reise<\/b> kommen Sie an Orte, an denen Sie die Freiheit haben, Ihre eigenen Erinnerungen zu schaffen, zu Ihren eigenen Bedingungen.<\/p>\n\n\t\t<\/div>\n\t<\/div>\n<\/div><\/div><\/div><\/div><div class=\"vc_row wpb_row vc_row-fluid\"><div class=\"wpb_column vc_column_container vc_col-sm-12\"><div class=\"vc_column-inner\"><div class=\"wpb_wrapper\"><div class=\"vc_empty_space\"   style=\"height: 32px\"><span class=\"vc_empty_space_inner\"><\/span><\/div><\/div><\/div><\/div><\/div><div data-vc-full-width=\"true\" data-vc-full-width-init=\"false\" class=\"vc_row wpb_row vc_row-fluid vc_column-gap-35\"><div class=\"wpb_column vc_column_container vc_col-sm-12\"><div class=\"vc_column-inner\"><div class=\"wpb_wrapper\"><div class=\"vc_row wpb_row vc_inner vc_row-fluid vc_row-o-content-middle vc_row-flex\"><div class=\"boxywoxy styledColumn wpb_column vc_column_container vc_col-sm-3 vc_col-has-fill\"><div class=\"vc_column-inner vc_custom_1709187659961\"><div class=\"wpb_wrapper\">\n\t<div class=\"wpb_text_column wpb_content_element  vc_custom_1776421593483\">\n\t\t<div class=\"wpb_wrapper\">\n\t\t\t<div style=\"border: 1px solid #ccc; box-shadow: 1px 16px 16px -22px rgba(0, 0, 0, 0.6); padding-bottom: 15px; border-radius: 10px; overflow: hidden; -webkit-box-shadow: 1px 16px 16px -22px rgba(0, 0, 0, 0.6); -moz-box-shadow: 1px 16px 16px -22px rgba(0, 0, 0, 0.6);\">\n<p><a href=\"https:\/\/africantravelconcept.com\/de\/sudafrika\/\"><img loading=\"lazy\" decoding=\"async\" class=\"aligncenter wp-image-12150 size-full\" style=\"padding-top: 0px; margin-top: 0px !important;\" src=\"https:\/\/africantravelconcept.com\/wp-content\/uploads\/2026\/04\/south-africa-land.jpg\" alt=\"\" width=\"386\" height=\"212\" title=\"\"><\/a><\/p>\n<h3 style=\"text-align: center; padding-top: 0px; margin-top: 0px;\"><a href=\"https:\/\/africantravelconcept.com\/de\/sudafrika\/\">S\u00fcdafrika<\/a><\/h3>\n<\/div>\n\n\t\t<\/div>\n\t<\/div>\n\n\t<div class=\"wpb_text_column wpb_content_element  vc_custom_1738587210935\">\n\t\t<div class=\"wpb_wrapper\">\n\t\t\t<div style=\"border: 1px solid #ccc; box-shadow: 1px 16px 16px -22px rgba(0, 0, 0, 0.6); padding-bottom: 15px; border-radius: 10px; overflow: hidden; -webkit-box-shadow: 1px 16px 16px -22px rgba(0, 0, 0, 0.6); -moz-box-shadow: 1px 16px 16px -22px rgba(0, 0, 0, 0.6);\">\n<p><a href=\"https:\/\/africantravelconcept.com\/de\/namibia-2\/\"><img loading=\"lazy\" decoding=\"async\" class=\"size-full wp-image-12150 aligncenter\" style=\"padding-top: 0px; margin-top: 0px !important;\" src=\"https:\/\/africantravelconcept.com\/wp-content\/uploads\/2023\/07\/namibia.jpg\" alt=\"\" width=\"386\" height=\"212\" title=\"\"><\/a><\/p>\n<h3 style=\"text-align: center; padding-top: 0px; margin-top: 0px;\"><a href=\"https:\/\/africantravelconcept.com\/de\/namibia-2\/\">Namibia<\/a><\/h3>\n<\/div>\n\n\t\t<\/div>\n\t<\/div>\n\n\t<div class=\"wpb_text_column wpb_content_element  vc_custom_1738587259570\">\n\t\t<div class=\"wpb_wrapper\">\n\t\t\t<div style=\"border: 1px solid #ccc; box-shadow: 1px 16px 16px -22px rgba(0, 0, 0, 0.6); padding-bottom: 15px; border-radius: 10px; overflow: hidden; -webkit-box-shadow: 1px 16px 16px -22px rgba(0, 0, 0, 0.6); -moz-box-shadow: 1px 16px 16px -22px rgba(0, 0, 0, 0.6);\">\n<p><a href=\"https:\/\/africantravelconcept.com\/de\/botswana\/\"><img loading=\"lazy\" decoding=\"async\" class=\"aligncenter wp-image-12150 size-full\" style=\"padding-top: 0px; margin-top: 0px !important;\" src=\"https:\/\/africantravelconcept.com\/wp-content\/uploads\/2023\/07\/botswana.jpg\" alt=\"\" width=\"386\" height=\"212\" title=\"\"><\/a><\/p>\n<h3 style=\"text-align: center; padding-top: 0px; margin-top: 0px;\"><a href=\"https:\/\/africantravelconcept.com\/de\/botswana\/\">Botswana<\/a><\/h3>\n<\/div>\n\n\t\t<\/div>\n\t<\/div>\n<\/div><\/div><\/div><div class=\"boxywoxy styledColumn wpb_column vc_column_container vc_col-sm-6 vc_col-has-fill\"><div class=\"vc_column-inner vc_custom_1709187669422\"><div class=\"wpb_wrapper\">\n\t<div  class=\"wpb_single_image wpb_content_element vc_align_center\">\n\t\t\n\t\t<figure class=\"wpb_wrapper vc_figure\">\n\t\t\t<div class=\"vc_single_image-wrapper   vc_box_border_grey\"><img loading=\"lazy\" decoding=\"async\" width=\"500\" height=\"500\" src=\"https:\/\/africantravelconcept.com\/wp-content\/uploads\/2025\/02\/southern-africa-map-500x500-2.png\" class=\"vc_single_image-img attachment-full\" alt=\"\" title=\"southern-africa-map-500x500 (2)\" srcset=\"https:\/\/africantravelconcept.com\/wp-content\/uploads\/2025\/02\/southern-africa-map-500x500-2.png 500w, https:\/\/africantravelconcept.com\/wp-content\/uploads\/2025\/02\/southern-africa-map-500x500-2-300x300.png 300w, https:\/\/africantravelconcept.com\/wp-content\/uploads\/2025\/02\/southern-africa-map-500x500-2-150x150.png 150w, https:\/\/africantravelconcept.com\/wp-content\/uploads\/2025\/02\/southern-africa-map-500x500-2-12x12.png 12w, https:\/\/africantravelconcept.com\/wp-content\/uploads\/2025\/02\/southern-africa-map-500x500-2-400x400.png 400w\" sizes=\"auto, (max-width: 500px) 100vw, 500px\"><\/div>\n\t\t<\/figure>\n\t<\/div>\n<\/div><\/div><\/div><div class=\"boxywoxy styledColumn wpb_column vc_column_container vc_col-sm-3 vc_col-has-fill\"><div class=\"vc_column-inner vc_custom_1709187677553\"><div class=\"wpb_wrapper\">\n\t<div class=\"wpb_text_column wpb_content_element  vc_custom_1738587291482\">\n\t\t<div class=\"wpb_wrapper\">\n\t\t\t<div style=\"border: 1px solid #ccc; box-shadow: 1px 16px 16px -22px rgba(0, 0, 0, 0.6); padding-bottom: 15px; border-radius: 10px; overflow: hidden; -webkit-box-shadow: 1px 16px 16px -22px rgba(0, 0, 0, 0.6); -moz-box-shadow: 1px 16px 16px -22px rgba(0, 0, 0, 0.6);\">\n<p><a href=\"https:\/\/africantravelconcept.com\/de\/sambia\/\"><img loading=\"lazy\" decoding=\"async\" class=\"aligncenter wp-image-12150 size-full\" style=\"padding-top: 0px; margin-top: 0px !important;\" src=\"https:\/\/africantravelconcept.com\/wp-content\/uploads\/2023\/07\/zambia.jpg\" alt=\"\" width=\"386\" height=\"212\" title=\"\"><\/a><\/p>\n<h3 style=\"text-align: center; padding-top: 0px; margin-top: 0px;\"><a href=\"https:\/\/africantravelconcept.com\/de\/sambia\/\">Sambia<\/a><\/h3>\n<\/div>\n\n\t\t<\/div>\n\t<\/div>\n\n\t<div class=\"wpb_text_column wpb_content_element  vc_custom_1738587482687\">\n\t\t<div class=\"wpb_wrapper\">\n\t\t\t<div style=\"border: 1px solid #ccc; box-shadow: 1px 16px 16px -22px rgba(0, 0, 0, 0.6); padding-bottom: 15px; border-radius: 10px; overflow: hidden; -webkit-box-shadow: 1px 16px 16px -22px rgba(0, 0, 0, 0.6); -moz-box-shadow: 1px 16px 16px -22px rgba(0, 0, 0, 0.6);\">\n<p><a href=\"https:\/\/africantravelconcept.com\/de\/mosambik\/\"><img loading=\"lazy\" decoding=\"async\" class=\"aligncenter wp-image-12150 size-full\" style=\"padding-top: 0px; margin-top: 0px !important;\" src=\"https:\/\/africantravelconcept.com\/wp-content\/uploads\/2023\/07\/mozambique.jpg\" alt=\"\" width=\"386\" height=\"212\" title=\"\"><\/a><\/p>\n<h3 style=\"text-align: center; padding-top: 0px; margin-top: 0px;\"><a href=\"https:\/\/africantravelconcept.com\/de\/mosambik\/\">Mosambik<\/a><\/h3>\n<\/div>\n\n\t\t<\/div>\n\t<\/div>\n\n\t<div class=\"wpb_text_column wpb_content_element  vc_custom_1738587518027\">\n\t\t<div class=\"wpb_wrapper\">\n\t\t\t<div style=\"border: 1px solid #ccc; box-shadow: 1px 16px 16px -22px rgba(0, 0, 0, 0.6); padding-bottom: 15px; border-radius: 10px; overflow: hidden; -webkit-box-shadow: 1px 16px 16px -22px rgba(0, 0, 0, 0.6); -moz-box-shadow: 1px 16px 16px -22px rgba(0, 0, 0, 0.6);\">\n<p><a href=\"https:\/\/africantravelconcept.com\/de\/simbabwe\/\"><img loading=\"lazy\" decoding=\"async\" class=\"aligncenter wp-image-12150 size-full\" style=\"padding-top: 0px; margin-top: 0px !important;\" src=\"https:\/\/africantravelconcept.com\/wp-content\/uploads\/2023\/07\/zimbabwe.jpg\" alt=\"\" width=\"386\" height=\"212\" title=\"\"><\/a><\/p>\n<h3 style=\"text-align: center; padding-top: 0px; margin-top: 0px;\"><a href=\"https:\/\/africantravelconcept.com\/de\/simbabwe\/\">Simbabwe<\/a><\/h3>\n<\/div>\n\n\t\t<\/div>\n\t<\/div>\n<\/div><\/div><\/div><\/div><\/div><\/div><\/div><\/div><div class=\"vc_row-full-width vc_clearfix\"><\/div><div class=\"vc_row wpb_row vc_row-fluid\"><div class=\"wpb_column vc_column_container vc_col-sm-12\"><div class=\"vc_column-inner\"><div class=\"wpb_wrapper\">\n\t<div class=\"wpb_text_column wpb_content_element\">\n\t\t<div class=\"wpb_wrapper\">\n\t\t\t<p class=\"translation-block\">Stellen Sie sich die Geschichten vor, die Sie von Ihrem afrikanischen Abenteuer erz\u00e4hlen werden. Die Geschichten von Safaris, von Roadtrips durch die Gebirgslandschaften und von den Luxusunterk\u00fcnften, die alles \u00fcbertreffen, was Sie bisher erlebt haben. Eine <b>afrikanische Safari<\/b> kann in verschiedenen Paketen gebucht werden, die von einer preisg\u00fcnstigen, budgetfreundlichen Reise bis hin zu einem wahrhaft luxuri\u00f6sen Angebot reichen.<\/p>\n<p><span style=\"font-weight: 400;\">Ganz gleich, welches afrikanische Reiseziel Sie auf unserer Karte ausw\u00e4hlen, Sie werden Reisen finden, die auf Ihrer Bucketlist stehen, Reisen, die man nur einmal im Leben macht und Reisen, bei denen Sie davon tr\u00e4umen werden, wieder zu buchen, wenn Sie wieder zu Hause an Ihrem Schreibtisch sitzen.\u00a0<\/span><\/p>\n<h2><b>Ein <a href=\"https:\/\/africantravelconcept.com\/de\/abenteuerurlaub\/\">Afrika-Abenteuer<\/a> wartet auf Sie<\/b><\/h2>\n<p><span style=\"font-weight: 400;\">Um Ihre Afrika-Reisepl\u00e4ne zu vereinfachen, k\u00f6nnen Sie mit unserer Karte der Reiseziele ganz einfach den perfekten Ort f\u00fcr Ihren Urlaub finden. Ganz gleich, ob Sie schon immer von einer traditionellen Safari im Kr\u00fcger-Nationalpark getr\u00e4umt haben oder ob Sie die Liebe Ihres Lebens mit einem tropischen Strandurlaub in Mosambik \u00fcberraschen m\u00f6chten, scrollen Sie zu unserer Karte und klicken Sie auf die Stecknadel im Reiseziel Ihrer Wahl. Diese Stecknadel leitet Sie weiter zu den <\/span><b>Afrikanischen Safaris und Touren<\/b><span style=\"font-weight: 400;\"> die wir zur Verf\u00fcgung haben.\u00a0<\/span><\/p>\n<p><span style=\"font-weight: 400;\">Auf der Seite mit den Reisepaketen k\u00f6nnen Sie sich \u00fcber die Reiserouten und Preise informieren und wenn Sie die Tour gefunden haben, die Ihren Reisekriterien entspricht, k\u00f6nnen Sie sie direkt auf der Website buchen. Wenn Sie keine Zeit haben, unsere Touren zu durchst\u00f6bern oder wenn Sie Ihre epische Tour lieber mit Ihrem Budget, Ihren Interessen und Ihren Urlaubserwartungen besprechen und planen m\u00f6chten, sind Sie herzlich eingeladen, sich mit einem unserer Afrika-Reiseberater in Verbindung zu setzen und wir werden Ihnen helfen, einen Urlaub wie keinen anderen zu planen.\u00a0<\/span><\/p>\n<p><b>Leben Sie Ihre wildesten Tr\u00e4ume. Reisen Sie mit ATC nach Afrika.\u00a0<\/b><\/p>\n\n\t\t<\/div>\n\t<\/div>\n<\/div><\/div><\/div><\/div>\n<\/div>","protected":false},"excerpt":{"rendered":"Erkunden Sie Afrika mit African Travel Concept Afrika ist eine vielf\u00e4ltige und uralte Landschaft, die f\u00fcr jeden etwas zu bieten hat. Mit seinen weiten Grassavannen, in denen L\u00f6wen auf Beutejagd gehen, seinen tropischen Str\u00e4nden an der Ostk\u00fcste und seiner faszinierenden Vielfalt an Menschen und Kulturen ist Afrika ein Ort, an den Sie reisen.<div class=\"padding-top text-center\"><a href=\"https:\/\/africantravelconcept.com\/de\/all-destinations\/\" class=\"atbtn atbtn--medium atbtn--rounded atbtn--transparent\">Mehr lesen<i class=\"atbtn__icon atbtn__icon--right fa fa-long-arrow-right\"><\/i><\/a><\/div>","protected":false},"author":9,"featured_media":0,"parent":0,"menu_order":0,"comment_status":"closed","ping_status":"closed","template":"","meta":{"_monsterinsights_skip_tracking":false,"_monsterinsights_sitenote_active":false,"_monsterinsights_sitenote_note":"","_monsterinsights_sitenote_category":0,"footnotes":""},"class_list":["post-13190","page","type-page","status-publish","hentry"],"_links":{"self":[{"href":"https:\/\/africantravelconcept.com\/de\/wp-json\/wp\/v2\/pages\/13190","targetHints":{"allow":["GET"]}}],"collection":[{"href":"https:\/\/africantravelconcept.com\/de\/wp-json\/wp\/v2\/pages"}],"about":[{"href":"https:\/\/africantravelconcept.com\/de\/wp-json\/wp\/v2\/types\/page"}],"author":[{"embeddable":true,"href":"https:\/\/africantravelconcept.com\/de\/wp-json\/wp\/v2\/users\/9"}],"replies":[{"embeddable":true,"href":"https:\/\/africantravelconcept.com\/de\/wp-json\/wp\/v2\/comments?post=13190"}],"version-history":[{"count":0,"href":"https:\/\/africantravelconcept.com\/de\/wp-json\/wp\/v2\/pages\/13190\/revisions"}],"wp:attachment":[{"href":"https:\/\/africantravelconcept.com\/de\/wp-json\/wp\/v2\/media?parent=13190"}],"curies":[{"name":"wp","href":"https:\/\/api.w.org\/{rel}","templated":true}]}}