{"id":8298,"date":"2021-07-19T07:01:22","date_gmt":"2021-07-19T07:01:22","guid":{"rendered":"https:\/\/atcmainsite.wpenginepowered.com\/?page_id=8298"},"modified":"2025-10-31T12:45:50","modified_gmt":"2025-10-31T12:45:50","slug":"familiensafaris","status":"publish","type":"page","link":"https:\/\/africantravelconcept.com\/de\/family-safaris\/","title":{"rendered":"Familien-Safaris"},"content":{"rendered":"<div class=\"wpb-content-wrapper\"><div class=\"vc_row wpb_row vc_row-fluid\"><div class=\"wpb_column vc_column_container vc_col-sm-12\"><div class=\"vc_column-inner\"><div class=\"wpb_wrapper\">\n\t<div class=\"wpb_text_column wpb_content_element\">\n\t\t<div class=\"wpb_wrapper\">\n\t\t\t<p><a href=\"https:\/\/africantravelconcept.com\/de\/5-gruende-warum-suedafrika-ein-grosartiger-ort-fuer-einen-familienurlaub-ist\/\">Reisen mit der Familie im s\u00fcdlichen Afrika<\/a> bietet eine breite Palette von Aktivit\u00e4ten f\u00fcr alle Altersgruppen. Ob eine aufregende Familiensafari in Botswana, die Erkundung der atemberaubenden Landschaften Namibias, das Eintauchen in den kulturellen Reichtum S\u00fcdafrikas oder die Entspannung an den unber\u00fchrten Str\u00e4nden Mosambiks - die Region bietet ein Sammelsurium an familienfreundlichen Erlebnissen. Wir bieten ma\u00dfgeschneiderte Reisepl\u00e4ne, die den Bed\u00fcrfnissen jeder Familie gerecht werden und eine perfekte Mischung aus Spannung, Komfort und kulturellen Begegnungen gew\u00e4hrleisten. Von lehrreichen Begegnungen mit der Tierwelt bis hin zu aufregenden Outdoor-Aktivit\u00e4ten - unsere Touren decken die unterschiedlichsten Interessen ab und erm\u00f6glichen es Familien, inmitten der fesselnden Wunder der Region gemeinsam sch\u00f6ne Erinnerungen zu schaffen.<\/p>\n\n\t\t<\/div>\n\t<\/div>\n<div class=\"vc_empty_space\"   style=\"height: 30px\"><span class=\"vc_empty_space_inner\"><\/span><\/div><\/div><\/div><\/div><\/div><div data-vc-full-width=\"true\" data-vc-full-width-init=\"false\" class=\"vc_row wpb_row vc_row-fluid\"><div class=\"wpb_column vc_column_container vc_col-sm-12\"><div class=\"vc_column-inner\"><div class=\"wpb_wrapper\"><div class=\"vc_tta-container\" data-vc-action=\"collapse\"><div class=\"vc_general vc_tta vc_tta-tabs vc_tta-color-grey vc_tta-style-modern vc_tta-shape-rounded vc_tta-spacing-1 vc_tta-tabs-position-top vc_tta-controls-align-left\"><div class=\"vc_tta-tabs-container\"><ul class=\"vc_tta-tabs-list\"><li class=\"vc_tta-tab vc_active\" data-vc-tab><a href=\"#1626338108875-5749820d-5661\" data-vc-tabs data-vc-container=\".vc_tta\"><span class=\"vc_tta-title-text\">Empfohlene Touren<\/span><\/a><\/li><\/ul><\/div><div class=\"vc_tta-panels-container\"><div class=\"vc_tta-panels\"><div class=\"vc_tta-panel vc_active\" id=\"1626338108875-5749820d-5661\" data-vc-content=\".vc_tta-panel-body\"><div class=\"vc_tta-panel-heading\"><h4 class=\"vc_tta-panel-title\"><a href=\"#1626338108875-5749820d-5661\" data-vc-accordion data-vc-container=\".vc_tta-container\"><span class=\"vc_tta-title-text\">Empfohlene Touren<\/span><\/a><\/h4><\/div><div class=\"vc_tta-panel-body\">\n<div class=\"atgrid\">\n\t<div class=\"row atgrid__row\">\n\t\t\t\t\t<div class=\"col-md-4 col-xs-6 atgrid__item-wrap\">\n\t\t\t<div class=\"atgrid__item atgrid__item__new\">\n\t\t\t\t<div class=\"atgrid__item__top\">\n\t\t\t\t\t<a href=\"https:\/\/africantravelconcept.com\/de\/tours-safaris\/mozambique-island-living\/\" class=\"atgrid__item__top__image\"><img loading=\"lazy\" decoding=\"async\" width=\"360\" height=\"240\" src=\"https:\/\/africantravelconcept.com\/wp-content\/uploads\/2021\/04\/CBBS4136_1Claudia-Pellarini_AQ-1-360x240.jpg\" class=\"attachment-thumb_tour_listing_small size-thumb_tour_listing_small wp-post-image\" alt=\"MOSAMBIK INSEL LEBEN\" srcset=\"https:\/\/africantravelconcept.com\/wp-content\/uploads\/2021\/04\/CBBS4136_1Claudia-Pellarini_AQ-1-360x240.jpg 360w, https:\/\/africantravelconcept.com\/wp-content\/uploads\/2021\/04\/CBBS4136_1Claudia-Pellarini_AQ-1-180x120.jpg 180w, https:\/\/africantravelconcept.com\/wp-content\/uploads\/2021\/04\/CBBS4136_1Claudia-Pellarini_AQ-1-531x354.jpg 531w\" sizes=\"auto, (max-width: 360px) 100vw, 360px\" title=\"\"><\/a><a href=\"https:\/\/africantravelconcept.com\/de\/abenteuerreisen\/\" class=\"tour_type\">Abenteuer-Touren<\/a>\t\t\t\t<\/div>\n\t\t\t\t<div class=\"atgrid__item__content\">\n\t\t\t\t\t<h3 class=\"atgrid__item__title\"><a href=\"https:\/\/africantravelconcept.com\/de\/tours-safaris\/mozambique-island-living\/\">Inselleben Mosambik<\/a><\/h3>\n\t\t\t\t\t<p class=\"price\">8 Tage | Von <span class=\"woocommerce-Price-amount amount\"><bdi><span class=\"woocommerce-Price-currencySymbol\">R<\/span>60,756.00<\/bdi><\/span> pps<\/p><p>Mosambik<\/p><a href=\"https:\/\/africantravelconcept.com\/de\/tours-safaris\/mozambique-island-living\/\" class=\"explore\">Mehr erforschen<\/a>\t\t\t\t<\/div>\n\t\t\t<\/div>\n\t\t<\/div>\n\t\t\t\t\t<div class=\"col-md-4 col-xs-6 atgrid__item-wrap\">\n\t\t\t<div class=\"atgrid__item atgrid__item__new\">\n\t\t\t\t<div class=\"atgrid__item__top\">\n\t\t\t\t\t<a href=\"https:\/\/africantravelconcept.com\/de\/tours-safaris\/garden-route-addo-adventure\/\" class=\"atgrid__item__top__image\"><img loading=\"lazy\" decoding=\"async\" width=\"360\" height=\"240\" src=\"https:\/\/africantravelconcept.com\/wp-content\/uploads\/2021\/07\/Garden-Route-national-lake-in-Knysna-360x240.jpg\" class=\"attachment-thumb_tour_listing_small size-thumb_tour_listing_small wp-post-image\" alt=\"\" srcset=\"https:\/\/africantravelconcept.com\/wp-content\/uploads\/2021\/07\/Garden-Route-national-lake-in-Knysna-360x240.jpg 360w, https:\/\/africantravelconcept.com\/wp-content\/uploads\/2021\/07\/Garden-Route-national-lake-in-Knysna-180x120.jpg 180w, https:\/\/africantravelconcept.com\/wp-content\/uploads\/2021\/07\/Garden-Route-national-lake-in-Knysna-720x480.jpg 720w, https:\/\/africantravelconcept.com\/wp-content\/uploads\/2021\/07\/Garden-Route-national-lake-in-Knysna-531x354.jpg 531w\" sizes=\"auto, (max-width: 360px) 100vw, 360px\" title=\"\"><\/a><a href=\"https:\/\/africantravelconcept.com\/de\/abenteuerreisen\/\" class=\"tour_type\">Abenteuer-Touren<\/a>\t\t\t\t<\/div>\n\t\t\t\t<div class=\"atgrid__item__content\">\n\t\t\t\t\t<h3 class=\"atgrid__item__title\"><a href=\"https:\/\/africantravelconcept.com\/de\/tours-safaris\/garden-route-addo-adventure\/\">Abenteuer Garden Route &amp; Addo<\/a><\/h3>\n\t\t\t\t\t<p class=\"price\">5 Tage | Von <span class=\"woocommerce-Price-amount amount\"><bdi><span class=\"woocommerce-Price-currencySymbol\">R<\/span>21,550.00<\/bdi><\/span> pps<\/p><p>S\u00fcdafrika<\/p><a href=\"https:\/\/africantravelconcept.com\/de\/tours-safaris\/garden-route-addo-adventure\/\" class=\"explore\">Mehr erforschen<\/a>\t\t\t\t<\/div>\n\t\t\t<\/div>\n\t\t<\/div>\n\t\t\t<div class=\"atgrid__row-separator clearfix visible-sm visible-xs\"><\/div>\t\t<div class=\"col-md-4 col-xs-6 atgrid__item-wrap\">\n\t\t\t<div class=\"atgrid__item atgrid__item__new\">\n\t\t\t\t<div class=\"atgrid__item__top\">\n\t\t\t\t\t<a href=\"https:\/\/africantravelconcept.com\/de\/tours-safaris\/kruger-panorama-route-breakaway\/\" class=\"atgrid__item__top__image\"><img loading=\"lazy\" decoding=\"async\" width=\"360\" height=\"240\" src=\"https:\/\/africantravelconcept.com\/wp-content\/uploads\/2022\/02\/Guided-Safaris-in-the-Kruger-National-Park-elephant-sighting-360x240.jpg\" class=\"attachment-thumb_tour_listing_small size-thumb_tour_listing_small wp-post-image\" alt=\"Gef\u00fchrte Safari Elefanten-Sichtung\" srcset=\"https:\/\/africantravelconcept.com\/wp-content\/uploads\/2022\/02\/Guided-Safaris-in-the-Kruger-National-Park-elephant-sighting-360x240.jpg 360w, https:\/\/africantravelconcept.com\/wp-content\/uploads\/2022\/02\/Guided-Safaris-in-the-Kruger-National-Park-elephant-sighting-180x120.jpg 180w, https:\/\/africantravelconcept.com\/wp-content\/uploads\/2022\/02\/Guided-Safaris-in-the-Kruger-National-Park-elephant-sighting-720x480.jpg 720w, https:\/\/africantravelconcept.com\/wp-content\/uploads\/2022\/02\/Guided-Safaris-in-the-Kruger-National-Park-elephant-sighting-800x530.jpg 800w, https:\/\/africantravelconcept.com\/wp-content\/uploads\/2022\/02\/Guided-Safaris-in-the-Kruger-National-Park-elephant-sighting-531x354.jpg 531w\" sizes=\"auto, (max-width: 360px) 100vw, 360px\" title=\"\"><\/a><a href=\"https:\/\/africantravelconcept.com\/de\/afrikanische-safaris\/\" class=\"tour_type\">Afrikanische Safaris<\/a>\t\t\t\t<\/div>\n\t\t\t\t<div class=\"atgrid__item__content\">\n\t\t\t\t\t<h3 class=\"atgrid__item__title\"><a href=\"https:\/\/africantravelconcept.com\/de\/tours-safaris\/kruger-panorama-route-breakaway\/\">Kruger &amp; Panorama Route Auszeit<\/a><\/h3>\n\t\t\t\t\t<p class=\"price\">4 Tage | Von <span class=\"woocommerce-Price-amount amount\"><bdi><span class=\"woocommerce-Price-currencySymbol\">R<\/span>16,040.00<\/bdi><\/span> pps<\/p><p>S\u00fcdafrika<\/p><a href=\"https:\/\/africantravelconcept.com\/de\/tours-safaris\/kruger-panorama-route-breakaway\/\" class=\"explore\">Mehr erforschen<\/a>\t\t\t\t<\/div>\n\t\t\t<\/div>\n\t\t<\/div>\n\t\t\t<div class=\"atgrid__row-separator clearfix hidden-sm hidden-xs\"><\/div>\t\t<div class=\"col-md-4 col-xs-6 atgrid__item-wrap\">\n\t\t\t<div class=\"atgrid__item atgrid__item__new\">\n\t\t\t\t<div class=\"atgrid__item__top\">\n\t\t\t\t\t<a href=\"https:\/\/africantravelconcept.com\/de\/tours-safaris\/mozambique-escape\/\" class=\"atgrid__item__top__image\"><img loading=\"lazy\" decoding=\"async\" width=\"360\" height=\"240\" src=\"https:\/\/africantravelconcept.com\/wp-content\/uploads\/2020\/11\/iStock_000041731670_XXXLarge-scaled-1-360x240.jpg\" class=\"attachment-thumb_tour_listing_small size-thumb_tour_listing_small wp-post-image\" alt=\"FLUCHT AUS MOSAMBIK\" srcset=\"https:\/\/africantravelconcept.com\/wp-content\/uploads\/2020\/11\/iStock_000041731670_XXXLarge-scaled-1-360x240.jpg 360w, https:\/\/africantravelconcept.com\/wp-content\/uploads\/2020\/11\/iStock_000041731670_XXXLarge-scaled-1-180x120.jpg 180w, https:\/\/africantravelconcept.com\/wp-content\/uploads\/2020\/11\/iStock_000041731670_XXXLarge-scaled-1-531x354.jpg 531w\" sizes=\"auto, (max-width: 360px) 100vw, 360px\" title=\"\"><\/a><a href=\"https:\/\/africantravelconcept.com\/de\/familiensafaris\/\" class=\"tour_type\">Familien-Safaris<\/a>\t\t\t\t<\/div>\n\t\t\t\t<div class=\"atgrid__item__content\">\n\t\t\t\t\t<h3 class=\"atgrid__item__title\"><a href=\"https:\/\/africantravelconcept.com\/de\/tours-safaris\/mozambique-escape\/\">Zufluchtsort Mosambik<\/a><\/h3>\n\t\t\t\t\t<p class=\"price\">5 Tage | Von $8,550.00 pps<\/p><p>Mosambik<\/p><a href=\"https:\/\/africantravelconcept.com\/de\/tours-safaris\/mozambique-escape\/\" class=\"explore\">Mehr erforschen<\/a>\t\t\t\t<\/div>\n\t\t\t<\/div>\n\t\t<\/div>\n\t\t\t<div class=\"atgrid__row-separator clearfix visible-sm visible-xs\"><\/div>\t\t<div class=\"col-md-4 col-xs-6 atgrid__item-wrap\">\n\t\t\t<div class=\"atgrid__item atgrid__item__new\">\n\t\t\t\t<div class=\"atgrid__item__top\">\n\t\t\t\t\t<a href=\"https:\/\/africantravelconcept.com\/de\/tours-safaris\/safari-wine-and-the-mother-city\/\" class=\"atgrid__item__top__image\"><img loading=\"lazy\" decoding=\"async\" width=\"360\" height=\"240\" src=\"https:\/\/africantravelconcept.com\/wp-content\/uploads\/2020\/10\/three-rondavels-360x240.jpg\" class=\"attachment-thumb_tour_listing_small size-thumb_tour_listing_small wp-post-image\" alt=\"SAFARI, WEIN UND DIE MUTTERSTADT\" srcset=\"https:\/\/africantravelconcept.com\/wp-content\/uploads\/2020\/10\/three-rondavels-360x240.jpg 360w, https:\/\/africantravelconcept.com\/wp-content\/uploads\/2020\/10\/three-rondavels-180x120.jpg 180w, https:\/\/africantravelconcept.com\/wp-content\/uploads\/2020\/10\/three-rondavels-531x354.jpg 531w\" sizes=\"auto, (max-width: 360px) 100vw, 360px\" title=\"\"><\/a><a href=\"https:\/\/africantravelconcept.com\/de\/familiensafaris\/\" class=\"tour_type\">Familien-Safaris<\/a>\t\t\t\t<\/div>\n\t\t\t\t<div class=\"atgrid__item__content\">\n\t\t\t\t\t<h3 class=\"atgrid__item__title\"><a href=\"https:\/\/africantravelconcept.com\/de\/tours-safaris\/safari-wine-and-the-mother-city\/\">Safari, Wein und die Mutterstadt<\/a><\/h3>\n\t\t\t\t\t<p class=\"price\">11 Tage | Von <span class=\"woocommerce-Price-amount amount\"><bdi><span class=\"woocommerce-Price-currencySymbol\">R<\/span>41,786.00<\/bdi><\/span> pps<\/p><p>S\u00fcdafrika<\/p><a href=\"https:\/\/africantravelconcept.com\/de\/tours-safaris\/safari-wine-and-the-mother-city\/\" class=\"explore\">Mehr erforschen<\/a>\t\t\t\t<\/div>\n\t\t\t<\/div>\n\t\t<\/div>\n\t\t\t\t\t<div class=\"col-md-4 col-xs-6 atgrid__item-wrap\">\n\t\t\t<div class=\"atgrid__item atgrid__item__new\">\n\t\t\t\t<div class=\"atgrid__item__top\">\n\t\t\t\t\t<a href=\"https:\/\/africantravelconcept.com\/de\/tours-safaris\/kwa-zulu-natal-family-self-drive\/\" class=\"atgrid__item__top__image\"><img loading=\"lazy\" decoding=\"async\" width=\"360\" height=\"240\" src=\"https:\/\/africantravelconcept.com\/wp-content\/uploads\/2022\/06\/Sani-Pass-Excursion-tour-vehicles-360x240.jpg\" class=\"attachment-thumb_tour_listing_small size-thumb_tour_listing_small wp-post-image\" alt=\"\" srcset=\"https:\/\/africantravelconcept.com\/wp-content\/uploads\/2022\/06\/Sani-Pass-Excursion-tour-vehicles-360x240.jpg 360w, https:\/\/africantravelconcept.com\/wp-content\/uploads\/2022\/06\/Sani-Pass-Excursion-tour-vehicles-180x120.jpg 180w, https:\/\/africantravelconcept.com\/wp-content\/uploads\/2022\/06\/Sani-Pass-Excursion-tour-vehicles-720x480.jpg 720w, https:\/\/africantravelconcept.com\/wp-content\/uploads\/2022\/06\/Sani-Pass-Excursion-tour-vehicles-531x354.jpg 531w\" sizes=\"auto, (max-width: 360px) 100vw, 360px\" title=\"\"><\/a><a href=\"https:\/\/africantravelconcept.com\/de\/familiensafaris\/\" class=\"tour_type\">Familien-Safaris<\/a>\t\t\t\t<\/div>\n\t\t\t\t<div class=\"atgrid__item__content\">\n\t\t\t\t\t<h3 class=\"atgrid__item__title\"><a href=\"https:\/\/africantravelconcept.com\/de\/tours-safaris\/kwa-zulu-natal-family-self-drive\/\">Kwa-Zulu Natal Familien-Selbstfahrer<\/a><\/h3>\n\t\t\t\t\t<p class=\"price\">8 Tage | Von <span class=\"woocommerce-Price-amount amount\"><bdi><span class=\"woocommerce-Price-currencySymbol\">R<\/span>15,265.00<\/bdi><\/span> pps<\/p><p>S\u00fcdafrika<\/p><a href=\"https:\/\/africantravelconcept.com\/de\/tours-safaris\/kwa-zulu-natal-family-self-drive\/\" class=\"explore\">Mehr erforschen<\/a>\t\t\t\t<\/div>\n\t\t\t<\/div>\n\t\t<\/div>\n\t\t\t<div class=\"atgrid__row-separator clearfix hidden-sm hidden-xs\"><\/div><div class=\"atgrid__row-separator clearfix visible-sm visible-xs\"><\/div>\t\t<div class=\"col-md-4 col-xs-6 atgrid__item-wrap\">\n\t\t\t<div class=\"atgrid__item atgrid__item__new\">\n\t\t\t\t<div class=\"atgrid__item__top\">\n\t\t\t\t\t<a href=\"https:\/\/africantravelconcept.com\/de\/tours-safaris\/family-slow-travel-self-drive\/\" class=\"atgrid__item__top__image\"><img loading=\"lazy\" decoding=\"async\" width=\"360\" height=\"240\" src=\"https:\/\/africantravelconcept.com\/wp-content\/uploads\/2020\/10\/whale-367233_1920-360x240.jpg\" class=\"attachment-thumb_tour_listing_small size-thumb_tour_listing_small wp-post-image\" alt=\"FAMILIE LANGSAM REISEN - SELBSTFAHRER\" srcset=\"https:\/\/africantravelconcept.com\/wp-content\/uploads\/2020\/10\/whale-367233_1920-360x240.jpg 360w, https:\/\/africantravelconcept.com\/wp-content\/uploads\/2020\/10\/whale-367233_1920-180x120.jpg 180w, https:\/\/africantravelconcept.com\/wp-content\/uploads\/2020\/10\/whale-367233_1920-531x354.jpg 531w\" sizes=\"auto, (max-width: 360px) 100vw, 360px\" title=\"\"><\/a><a href=\"https:\/\/africantravelconcept.com\/de\/selbstfahrertouren\/\" class=\"tour_type\">Selbstfahrer-Touren<\/a>\t\t\t\t<\/div>\n\t\t\t\t<div class=\"atgrid__item__content\">\n\t\t\t\t\t<h3 class=\"atgrid__item__title\"><a href=\"https:\/\/africantravelconcept.com\/de\/tours-safaris\/family-slow-travel-self-drive\/\">Familie Slow Travel Selbstfahrer<\/a><\/h3>\n\t\t\t\t\t<p class=\"price\">13 Tage | Von <span class=\"woocommerce-Price-amount amount\"><bdi><span class=\"woocommerce-Price-currencySymbol\">R<\/span>16,540.00<\/bdi><\/span> pps<\/p><p>S\u00fcdafrika<\/p><a href=\"https:\/\/africantravelconcept.com\/de\/tours-safaris\/family-slow-travel-self-drive\/\" class=\"explore\">Mehr erforschen<\/a>\t\t\t\t<\/div>\n\t\t\t<\/div>\n\t\t<\/div>\n\t\t\t\t\t<div class=\"col-md-4 col-xs-6 atgrid__item-wrap\">\n\t\t\t<div class=\"atgrid__item atgrid__item__new\">\n\t\t\t\t<div class=\"atgrid__item__top\">\n\t\t\t\t\t<a href=\"https:\/\/africantravelconcept.com\/de\/tours-safaris\/malaria-free-family-safari\/\" class=\"atgrid__item__top__image\"><img loading=\"lazy\" decoding=\"async\" width=\"360\" height=\"240\" src=\"https:\/\/africantravelconcept.com\/wp-content\/uploads\/2022\/09\/Madikwe-Game-Reserve-5-360x240.jpg\" class=\"attachment-thumb_tour_listing_small size-thumb_tour_listing_small wp-post-image\" alt=\"\" srcset=\"https:\/\/africantravelconcept.com\/wp-content\/uploads\/2022\/09\/Madikwe-Game-Reserve-5-360x240.jpg 360w, https:\/\/africantravelconcept.com\/wp-content\/uploads\/2022\/09\/Madikwe-Game-Reserve-5-180x120.jpg 180w, https:\/\/africantravelconcept.com\/wp-content\/uploads\/2022\/09\/Madikwe-Game-Reserve-5-531x354.jpg 531w\" sizes=\"auto, (max-width: 360px) 100vw, 360px\" title=\"\"><\/a><a href=\"https:\/\/africantravelconcept.com\/de\/familiensafaris\/\" class=\"tour_type\">Familien-Safaris<\/a>\t\t\t\t<\/div>\n\t\t\t\t<div class=\"atgrid__item__content\">\n\t\t\t\t\t<h3 class=\"atgrid__item__title\"><a href=\"https:\/\/africantravelconcept.com\/de\/tours-safaris\/malaria-free-family-safari\/\">Malariafreie Familiensafari<\/a><\/h3>\n\t\t\t\t\t<p class=\"price\">5 Tage | Von <span class=\"woocommerce-Price-amount amount\"><bdi><span class=\"woocommerce-Price-currencySymbol\">R<\/span>36,000.00<\/bdi><\/span> pps<\/p><p>S\u00fcdafrika<\/p><a href=\"https:\/\/africantravelconcept.com\/de\/tours-safaris\/malaria-free-family-safari\/\" class=\"explore\">Mehr erforschen<\/a>\t\t\t\t<\/div>\n\t\t\t<\/div>\n\t\t<\/div>\n\t\t\t<\/div>\n<\/div><\/div><\/div><\/div><\/div><\/div><\/div><\/div><\/div><\/div><\/div><div class=\"vc_row-full-width vc_clearfix\"><\/div>\n<\/div>","protected":false},"excerpt":{"rendered":"","protected":false},"author":9,"featured_media":0,"parent":0,"menu_order":0,"comment_status":"closed","ping_status":"closed","template":"","meta":{"_monsterinsights_skip_tracking":false,"_monsterinsights_sitenote_active":false,"_monsterinsights_sitenote_note":"","_monsterinsights_sitenote_category":0,"footnotes":""},"class_list":["post-8298","page","type-page","status-publish","hentry"],"_links":{"self":[{"href":"https:\/\/africantravelconcept.com\/de\/wp-json\/wp\/v2\/pages\/8298","targetHints":{"allow":["GET"]}}],"collection":[{"href":"https:\/\/africantravelconcept.com\/de\/wp-json\/wp\/v2\/pages"}],"about":[{"href":"https:\/\/africantravelconcept.com\/de\/wp-json\/wp\/v2\/types\/page"}],"author":[{"embeddable":true,"href":"https:\/\/africantravelconcept.com\/de\/wp-json\/wp\/v2\/users\/9"}],"replies":[{"embeddable":true,"href":"https:\/\/africantravelconcept.com\/de\/wp-json\/wp\/v2\/comments?post=8298"}],"version-history":[{"count":0,"href":"https:\/\/africantravelconcept.com\/de\/wp-json\/wp\/v2\/pages\/8298\/revisions"}],"wp:attachment":[{"href":"https:\/\/africantravelconcept.com\/de\/wp-json\/wp\/v2\/media?parent=8298"}],"curies":[{"name":"wp","href":"https:\/\/api.w.org\/{rel}","templated":true}]}}